{"id":77,"date":"2015-04-12T18:40:39","date_gmt":"2015-04-12T16:40:39","guid":{"rendered":"http:\/\/www.mv-merklingen.de\/HP-MVM\/?page_id=77"},"modified":"2019-12-12T22:20:52","modified_gmt":"2019-12-12T21:20:52","slug":"musikalisches-repertoire","status":"publish","type":"page","link":"https:\/\/mv-merklingen.de\/?page_id=77","title":{"rendered":"musikalisches Repertoire"},"content":{"rendered":"<p>Seit \u00fcber 90 Jahren begeistert die Trachtenkapelle Merklingen mit ihrer Unterhaltungsmusik die Zuh\u00f6rer in der n\u00e4heren und weiteren Umgebung. Zu unserem vielf\u00e4tigen Repertoire geh\u00f6rt volkst\u00fcmliche Unterhaltungsmusik, Musik im Big-Band-Sound und konzertante Blasmusik. Dieses wird in regelm\u00e4\u00dfigen Proben, immer dienstags um 20:00 Uhr in unserem <a href=\"https:\/\/mv-merklingen.de\/?page_id=46\">Musikerheim<\/a> einstudiert. Bei ca. 20 Aufritten pro Jahr stellen wir dann das Ergebnis unserer Proben vor.<\/p>\n<p>Unsere eigenen Veranstaltungen sind:<br \/>\n&#8211; Musikerfasnet<br \/>\n&#8211; Fr\u00fchjahrshjahrskonzert (M\u00e4rz)<br \/>\n&#8211; Dreschhallenfest (Juli)<br \/>\n&#8211; Schlachtfete (September)<br \/>\n&#8211; Weihnachtsmarkt (Dezember)<\/p>\n<p>F\u00fcr eine Auftrittsanfrage d\u00fcrfen sie sich gerne bei uns <strong><a href=\"https:\/\/mv-merklingen.de\/?page_id=56\">hier<\/a><\/strong> melden.<\/p>\n<p>Musik der Trachtenkapelle:<\/p>\n<div id=\"su_carousel_69e1f0918b0fc\" class=\"su-carousel su-carousel-centered su-carousel-pages-no su-carousel-responsive-yes\" style=\"width:100%\" data-autoplay=\"10000\" data-speed=\"3000\" data-mousewheel=\"false\" data-items=\"1\" data-scroll=\"1\"><div class=\"su-carousel-slides\"><div class=\"su-carousel-slide\"><a><img decoding=\"async\" src=\"https:\/\/mv-merklingen.de\/wp-content\/uploads\/2015\/04\/CD1_v.bmp\" alt=\"CD1_v\" \/><\/a><\/div><div class=\"su-carousel-slide\"><a><img decoding=\"async\" src=\"https:\/\/mv-merklingen.de\/wp-content\/uploads\/2015\/04\/CD1_h.bmp\" alt=\"CD1_h\" \/><\/a><\/div><\/div><div class=\"su-carousel-nav\"><div class=\"su-carousel-direction\"><span class=\"su-carousel-prev\"><\/span><span class=\"su-carousel-next\"><\/span><\/div><div class=\"su-carousel-pagination\"><\/div><\/div><\/div>\n","protected":false},"excerpt":{"rendered":"<p>Seit \u00fcber 90 Jahren begeistert die Trachtenkapelle Merklingen mit ihrer Unterhaltungsmusik die Zuh\u00f6rer in der n\u00e4heren und weiteren Umgebung. Zu unserem vielf\u00e4tigen Repertoire geh\u00f6rt volkst\u00fcmliche Unterhaltungsmusik, Musik im Big-Band-Sound und konzertante Blasmusik. Dieses wird in regelm\u00e4\u00dfigen Proben, immer dienstags um 20:00 Uhr in unserem Musikerheim einstudiert. Bei ca. 20 Aufritten pro Jahr stellen wir dann [&hellip;]<\/p>\n","protected":false},"author":1,"featured_media":0,"parent":54,"menu_order":0,"comment_status":"closed","ping_status":"open","template":"","meta":{"footnotes":""},"class_list":["post-77","page","type-page","status-publish","hentry"],"_links":{"self":[{"href":"https:\/\/mv-merklingen.de\/index.php?rest_route=\/wp\/v2\/pages\/77","targetHints":{"allow":["GET"]}}],"collection":[{"href":"https:\/\/mv-merklingen.de\/index.php?rest_route=\/wp\/v2\/pages"}],"about":[{"href":"https:\/\/mv-merklingen.de\/index.php?rest_route=\/wp\/v2\/types\/page"}],"author":[{"embeddable":true,"href":"https:\/\/mv-merklingen.de\/index.php?rest_route=\/wp\/v2\/users\/1"}],"replies":[{"embeddable":true,"href":"https:\/\/mv-merklingen.de\/index.php?rest_route=%2Fwp%2Fv2%2Fcomments&post=77"}],"version-history":[{"count":17,"href":"https:\/\/mv-merklingen.de\/index.php?rest_route=\/wp\/v2\/pages\/77\/revisions"}],"predecessor-version":[{"id":1329,"href":"https:\/\/mv-merklingen.de\/index.php?rest_route=\/wp\/v2\/pages\/77\/revisions\/1329"}],"up":[{"embeddable":true,"href":"https:\/\/mv-merklingen.de\/index.php?rest_route=\/wp\/v2\/pages\/54"}],"wp:attachment":[{"href":"https:\/\/mv-merklingen.de\/index.php?rest_route=%2Fwp%2Fv2%2Fmedia&parent=77"}],"curies":[{"name":"wp","href":"https:\/\/api.w.org\/{rel}","templated":true}]}}