{"id":50,"date":"2015-04-12T17:47:38","date_gmt":"2015-04-12T15:47:38","guid":{"rendered":"http:\/\/www.mv-merklingen.de\/HP-MVM\/?page_id=50"},"modified":"2019-12-12T21:38:46","modified_gmt":"2019-12-12T20:38:46","slug":"rmg-floetenunterricht","status":"publish","type":"page","link":"https:\/\/mv-merklingen.de\/?page_id=50","title":{"rendered":"RMG &#8211; Fl\u00f6tenunterricht"},"content":{"rendered":"<p align=\"JUSTIFY\">Als Einstieg in die Musik bieten wir bereits Sch\u00fcler\/Innen in einem Alter von 5-9 Jahren eine &#8220;rhythmisch musikalische Grundausbildung&#8221; (RMG) an. In dem einj\u00e4hrigen Kurs werden spielend grundlegende Kenntnisse der Musikausbildung, wie z.B. Noten, Notenwerte, Pausenzeichen usw. vermittelt. Dies geschieht mit Hilfe eines Blockfl\u00f6tenunterrichts.<\/p>\n<p align=\"JUSTIFY\">Beginn des Unterrichts ist jedes Jahr im Januar (Dauer der RMG: 12 Monate).<\/p>\n<p align=\"JUSTIFY\"><img decoding=\"async\" class=\"wp-image-465 size-medium aligncenter lazyload\" data-src=\"http:\/\/www.mv-merklingen.de\/HP-MVM\/wp-content\/uploads\/2015\/04\/Blockfl\u00f6te-300x180.jpg\" alt=\"Blockfl\u00f6te\" width=\"300\" height=\"180\" data-srcset=\"https:\/\/mv-merklingen.de\/wp-content\/uploads\/2015\/04\/Blockfl\u00f6te-300x180.jpg 300w, https:\/\/mv-merklingen.de\/wp-content\/uploads\/2015\/04\/Blockfl\u00f6te-150x90.jpg 150w, https:\/\/mv-merklingen.de\/wp-content\/uploads\/2015\/04\/Blockfl\u00f6te.jpg 355w\" data-sizes=\"(max-width: 300px) 100vw, 300px\" src=\"data:image\/svg+xml;base64,PHN2ZyB3aWR0aD0iMSIgaGVpZ2h0PSIxIiB4bWxucz0iaHR0cDovL3d3dy53My5vcmcvMjAwMC9zdmciPjwvc3ZnPg==\" style=\"--smush-placeholder-width: 300px; --smush-placeholder-aspect-ratio: 300\/180;\" \/><\/p>\n<p align=\"JUSTIFY\">Es ist aber auch ebenso m\u00f6glich, \u00fcber einen Direkteinstieg am Instrument musizieren zu lernen. Zu beachten ist hier das geeignetem Alter, in Abh\u00e4ngigkeit des\u00a0Instruments, ab wann die Ausbildung beginnen kann.<\/p>\n<p align=\"JUSTIFY\">Weitere\u00a0Informationen bekommen sie <a href=\"https:\/\/mv-merklingen.de\/?page_id=385\"><strong>hier<\/strong><\/a> von unseren Jugendleiterinnen.<\/p>\n","protected":false},"excerpt":{"rendered":"<p>Als Einstieg in die Musik bieten wir bereits Sch\u00fcler\/Innen in einem Alter von 5-9 Jahren eine &#8220;rhythmisch musikalische Grundausbildung&#8221; (RMG) an. In dem einj\u00e4hrigen Kurs werden spielend grundlegende Kenntnisse der Musikausbildung, wie z.B. Noten, Notenwerte, Pausenzeichen usw. vermittelt. Dies geschieht mit Hilfe eines Blockfl\u00f6tenunterrichts. Beginn des Unterrichts ist jedes Jahr im Januar (Dauer der RMG: [&hellip;]<\/p>\n","protected":false},"author":1,"featured_media":0,"parent":31,"menu_order":0,"comment_status":"closed","ping_status":"open","template":"","meta":{"footnotes":""},"class_list":["post-50","page","type-page","status-publish","hentry"],"_links":{"self":[{"href":"https:\/\/mv-merklingen.de\/index.php?rest_route=\/wp\/v2\/pages\/50","targetHints":{"allow":["GET"]}}],"collection":[{"href":"https:\/\/mv-merklingen.de\/index.php?rest_route=\/wp\/v2\/pages"}],"about":[{"href":"https:\/\/mv-merklingen.de\/index.php?rest_route=\/wp\/v2\/types\/page"}],"author":[{"embeddable":true,"href":"https:\/\/mv-merklingen.de\/index.php?rest_route=\/wp\/v2\/users\/1"}],"replies":[{"embeddable":true,"href":"https:\/\/mv-merklingen.de\/index.php?rest_route=%2Fwp%2Fv2%2Fcomments&post=50"}],"version-history":[{"count":12,"href":"https:\/\/mv-merklingen.de\/index.php?rest_route=\/wp\/v2\/pages\/50\/revisions"}],"predecessor-version":[{"id":1316,"href":"https:\/\/mv-merklingen.de\/index.php?rest_route=\/wp\/v2\/pages\/50\/revisions\/1316"}],"up":[{"embeddable":true,"href":"https:\/\/mv-merklingen.de\/index.php?rest_route=\/wp\/v2\/pages\/31"}],"wp:attachment":[{"href":"https:\/\/mv-merklingen.de\/index.php?rest_route=%2Fwp%2Fv2%2Fmedia&parent=50"}],"curies":[{"name":"wp","href":"https:\/\/api.w.org\/{rel}","templated":true}]}}