{"id":48,"date":"2015-04-12T17:47:10","date_gmt":"2015-04-12T15:47:10","guid":{"rendered":"http:\/\/www.mv-merklingen.de\/HP-MVM\/?page_id=48"},"modified":"2015-09-11T22:27:02","modified_gmt":"2015-09-11T20:27:02","slug":"jugendgruppe","status":"publish","type":"page","link":"https:\/\/mv-merklingen.de\/?page_id=48","title":{"rendered":"Jugendgruppe"},"content":{"rendered":"<p>Die Jugendgruppe ist die erste &#8220;Kapelle&#8221;, in der w\u00e4hrend der Instrumentalausbildung das Erlernte mit anderen zusammen musikalisch angewendet werden kann.\u00a0Gew\u00f6hnlich k\u00f6nnen Kinder in der Instrumentalausbildung nach einem Jahr bereits k\u00fcrzere Lieder spielen, was die Voraussetzung ist.<\/p>\n<p>Das\u00a0gemeinsame Musizieren, \u00dcben mit anderen Sch\u00fclern findet\u00a0einmal in der Woche, dann als ein neuer Bestandteil der Ausbildung statt.<br \/>\nIn der Jugendgruppen werden auch die ersten Erfahrungen mit deinem Dirigent gesammelt, der den Takt, die Lautst\u00e4rke und den Einsatz gibt. In Abh\u00e4ngigkeit des Fortschritts wird die D1-Lernkontrolle abgelegt, welche dann auch die &#8220;Eintrittskarte&#8221; in die Jugendkapelle ist.<\/p>\n<p>Neben den musikalischen Treffen stehen jetzt auch Ausfl\u00fcge und Freizeiten mit der Jugendkapelle auf dem Programm.<\/p>\n","protected":false},"excerpt":{"rendered":"<p>Die Jugendgruppe ist die erste &#8220;Kapelle&#8221;, in der w\u00e4hrend der Instrumentalausbildung das Erlernte mit anderen zusammen musikalisch angewendet werden kann.\u00a0Gew\u00f6hnlich k\u00f6nnen Kinder in der Instrumentalausbildung nach einem Jahr bereits k\u00fcrzere Lieder spielen, was die Voraussetzung ist. Das\u00a0gemeinsame Musizieren, \u00dcben mit anderen Sch\u00fclern findet\u00a0einmal in der Woche, dann als ein neuer Bestandteil der Ausbildung statt. In [&hellip;]<\/p>\n","protected":false},"author":1,"featured_media":0,"parent":31,"menu_order":0,"comment_status":"closed","ping_status":"open","template":"","meta":{"footnotes":""},"class_list":["post-48","page","type-page","status-publish","hentry"],"_links":{"self":[{"href":"https:\/\/mv-merklingen.de\/index.php?rest_route=\/wp\/v2\/pages\/48","targetHints":{"allow":["GET"]}}],"collection":[{"href":"https:\/\/mv-merklingen.de\/index.php?rest_route=\/wp\/v2\/pages"}],"about":[{"href":"https:\/\/mv-merklingen.de\/index.php?rest_route=\/wp\/v2\/types\/page"}],"author":[{"embeddable":true,"href":"https:\/\/mv-merklingen.de\/index.php?rest_route=\/wp\/v2\/users\/1"}],"replies":[{"embeddable":true,"href":"https:\/\/mv-merklingen.de\/index.php?rest_route=%2Fwp%2Fv2%2Fcomments&post=48"}],"version-history":[{"count":7,"href":"https:\/\/mv-merklingen.de\/index.php?rest_route=\/wp\/v2\/pages\/48\/revisions"}],"predecessor-version":[{"id":801,"href":"https:\/\/mv-merklingen.de\/index.php?rest_route=\/wp\/v2\/pages\/48\/revisions\/801"}],"up":[{"embeddable":true,"href":"https:\/\/mv-merklingen.de\/index.php?rest_route=\/wp\/v2\/pages\/31"}],"wp:attachment":[{"href":"https:\/\/mv-merklingen.de\/index.php?rest_route=%2Fwp%2Fv2%2Fmedia&parent=48"}],"curies":[{"name":"wp","href":"https:\/\/api.w.org\/{rel}","templated":true}]}}