{"id":275,"date":"2015-06-25T22:37:41","date_gmt":"2015-06-25T20:37:41","guid":{"rendered":"http:\/\/www.mv-merklingen.de\/HP-MVM\/?page_id=275"},"modified":"2019-12-12T22:16:11","modified_gmt":"2019-12-12T21:16:11","slug":"mitglied-werden","status":"publish","type":"page","link":"https:\/\/mv-merklingen.de\/?page_id=275","title":{"rendered":"Mitglied werden"},"content":{"rendered":"<p>Als Verein wollen wir uns an der kulturellen Pr\u00e4gung der Umgebung beteiligen.<br \/>\nDabei ist es unser Bestreben mit dem wichtigsten Element, der Musik die B\u00fcrger und Besucher von Veranstaltungen zu unterhalten.<br \/>\nZur Umsetzung der Ausbildung von Kinder und Jugendlichen sowie das Musizieren der Trachtenkapelle ist eine solide Basis der f\u00f6rdernden, passiven Mitglieder notwendig.<\/p>\n<p>Wir freuen uns \u00fcber jeden Freund und G\u00f6nner die sich entschlie\u00dfen uns als Verein zu unterst\u00fctzen.<\/p>\n<div class=\"su-custom-gallery su-custom-gallery-align-left su-custom-gallery-title-hover su-lightbox-gallery\"><div class=\"su-custom-gallery-slide\" style=\"width:200px;height:200px\"><a href=\"https:\/\/mv-merklingen.de\/wp-content\/uploads\/2015\/09\/DSC00976.jpg\" title=\"gem\u00fctliches Zusammensitzen\"><img decoding=\"async\" data-src=\"https:\/\/mv-merklingen.de\/wp-content\/uploads\/2015\/09\/DSC00976-200x200.jpg\" alt=\"gem\u00fctliches Zusammensitzen\" width=\"200\" height=\"200\" src=\"data:image\/svg+xml;base64,PHN2ZyB3aWR0aD0iMSIgaGVpZ2h0PSIxIiB4bWxucz0iaHR0cDovL3d3dy53My5vcmcvMjAwMC9zdmciPjwvc3ZnPg==\" class=\"lazyload\" style=\"--smush-placeholder-width: 200px; --smush-placeholder-aspect-ratio: 200\/200;\" \/><span class=\"su-custom-gallery-title\">gem\u00fctliches Zusammensitzen<\/span><\/a><\/div><div class=\"su-custom-gallery-slide\" style=\"width:200px;height:200px\"><a href=\"https:\/\/mv-merklingen.de\/wp-content\/uploads\/2015\/09\/IMG_7165.jpg\" title=\"Fr\u00fchjahrskonzert\"><img decoding=\"async\" data-src=\"https:\/\/mv-merklingen.de\/wp-content\/uploads\/2015\/09\/IMG_7165-200x200.jpg\" alt=\"Fr\u00fchjahrskonzert\" width=\"200\" height=\"200\" src=\"data:image\/svg+xml;base64,PHN2ZyB3aWR0aD0iMSIgaGVpZ2h0PSIxIiB4bWxucz0iaHR0cDovL3d3dy53My5vcmcvMjAwMC9zdmciPjwvc3ZnPg==\" class=\"lazyload\" style=\"--smush-placeholder-width: 200px; --smush-placeholder-aspect-ratio: 200\/200;\" \/><span class=\"su-custom-gallery-title\">Fr\u00fchjahrskonzert<\/span><\/a><\/div><div class=\"su-custom-gallery-slide\" style=\"width:200px;height:200px\"><a href=\"https:\/\/mv-merklingen.de\/wp-content\/uploads\/2015\/09\/DSC05575.jpg\" title=\"Maiwanderung\"><img decoding=\"async\" data-src=\"https:\/\/mv-merklingen.de\/wp-content\/uploads\/2015\/09\/DSC05575-200x200.jpg\" alt=\"Maiwanderung\" width=\"200\" height=\"200\" src=\"data:image\/svg+xml;base64,PHN2ZyB3aWR0aD0iMSIgaGVpZ2h0PSIxIiB4bWxucz0iaHR0cDovL3d3dy53My5vcmcvMjAwMC9zdmciPjwvc3ZnPg==\" class=\"lazyload\" style=\"--smush-placeholder-width: 200px; --smush-placeholder-aspect-ratio: 200\/200;\" \/><span class=\"su-custom-gallery-title\">Maiwanderung<\/span><\/a><\/div><div class=\"su-clear\"><\/div><\/div>\n<p>Sie m\u00f6chten ein Teil unserer Gemeinschaft werden und uns als f\u00f6rderndes Mitglied mitwirken?<br \/>\nBei Interesse sprechen sie unsere Vorstandschaft oder Musiker an oder melden sich unkompliziert \u00fcber unsere <a href=\"https:\/\/mv-merklingen.de\/?page_id=83\">Kontaktanfrage<\/a> bei uns.<\/p>\n<p>Euer<br \/>\nMusikverein Merklingen e.V.<\/p>\n","protected":false},"excerpt":{"rendered":"<p>Als Verein wollen wir uns an der kulturellen Pr\u00e4gung der Umgebung beteiligen. Dabei ist es unser Bestreben mit dem wichtigsten Element, der Musik die B\u00fcrger und Besucher von Veranstaltungen zu unterhalten. Zur Umsetzung der Ausbildung von Kinder und Jugendlichen sowie das Musizieren der Trachtenkapelle ist eine solide Basis der f\u00f6rdernden, passiven Mitglieder notwendig. Wir freuen [&hellip;]<\/p>\n","protected":false},"author":1,"featured_media":0,"parent":269,"menu_order":0,"comment_status":"closed","ping_status":"open","template":"","meta":{"footnotes":""},"class_list":["post-275","page","type-page","status-publish","hentry"],"_links":{"self":[{"href":"https:\/\/mv-merklingen.de\/index.php?rest_route=\/wp\/v2\/pages\/275","targetHints":{"allow":["GET"]}}],"collection":[{"href":"https:\/\/mv-merklingen.de\/index.php?rest_route=\/wp\/v2\/pages"}],"about":[{"href":"https:\/\/mv-merklingen.de\/index.php?rest_route=\/wp\/v2\/types\/page"}],"author":[{"embeddable":true,"href":"https:\/\/mv-merklingen.de\/index.php?rest_route=\/wp\/v2\/users\/1"}],"replies":[{"embeddable":true,"href":"https:\/\/mv-merklingen.de\/index.php?rest_route=%2Fwp%2Fv2%2Fcomments&post=275"}],"version-history":[{"count":24,"href":"https:\/\/mv-merklingen.de\/index.php?rest_route=\/wp\/v2\/pages\/275\/revisions"}],"predecessor-version":[{"id":1327,"href":"https:\/\/mv-merklingen.de\/index.php?rest_route=\/wp\/v2\/pages\/275\/revisions\/1327"}],"up":[{"embeddable":true,"href":"https:\/\/mv-merklingen.de\/index.php?rest_route=\/wp\/v2\/pages\/269"}],"wp:attachment":[{"href":"https:\/\/mv-merklingen.de\/index.php?rest_route=%2Fwp%2Fv2%2Fmedia&parent=275"}],"curies":[{"name":"wp","href":"https:\/\/api.w.org\/{rel}","templated":true}]}}