{"id":2536,"date":"2021-12-14T22:50:00","date_gmt":"2021-12-14T21:50:00","guid":{"rendered":"https:\/\/mv-merklingen.de\/?page_id=2536"},"modified":"2021-12-15T20:21:37","modified_gmt":"2021-12-15T19:21:37","slug":"wir-laden-ein-zur","status":"publish","type":"page","link":"https:\/\/mv-merklingen.de\/?page_id=2536","title":{"rendered":"Hilfe f\u00fcr das Zuckerschloss"},"content":{"rendered":"\n<p class=\"has-text-color has-large-font-size has-vivid-red-color\">Musikverein Merklingen e.V.<\/p>\n\n\n\n<p style=\"font-size:47px\" class=\"has-text-color has-very-dark-gray-color\"><strong>hilft dem Zuckerschloss<\/strong><\/p>\n\n\n\n<figure class=\"wp-block-gallery columns-2 is-cropped wp-block-gallery-1 is-layout-flex wp-block-gallery-is-layout-flex\"><ul class=\"blocks-gallery-grid\"><li class=\"blocks-gallery-item\"><figure><img decoding=\"async\" data-src=\"https:\/\/mv-merklingen.de\/wp-content\/uploads\/2020\/01\/IMG-20211211-WA0007.jpg\" alt=\"\" data-id=\"2600\" data-full-url=\"https:\/\/mv-merklingen.de\/wp-content\/uploads\/2020\/01\/IMG-20211211-WA0007.jpg\" data-link=\"https:\/\/mv-merklingen.de\/?attachment_id=2600\" class=\"wp-image-2600 lazyload\" src=\"data:image\/svg+xml;base64,PHN2ZyB3aWR0aD0iMSIgaGVpZ2h0PSIxIiB4bWxucz0iaHR0cDovL3d3dy53My5vcmcvMjAwMC9zdmciPjwvc3ZnPg==\" \/><\/figure><\/li><li class=\"blocks-gallery-item\"><figure><img decoding=\"async\" data-src=\"https:\/\/mv-merklingen.de\/wp-content\/uploads\/2020\/01\/IMG-20211211-WA0006.jpg\" alt=\"\" data-id=\"2599\" data-full-url=\"https:\/\/mv-merklingen.de\/wp-content\/uploads\/2020\/01\/IMG-20211211-WA0006.jpg\" data-link=\"https:\/\/mv-merklingen.de\/?attachment_id=2599\" class=\"wp-image-2599 lazyload\" src=\"data:image\/svg+xml;base64,PHN2ZyB3aWR0aD0iMSIgaGVpZ2h0PSIxIiB4bWxucz0iaHR0cDovL3d3dy53My5vcmcvMjAwMC9zdmciPjwvc3ZnPg==\" \/><\/figure><\/li><\/ul><\/figure>\n\n\n\n<p>Aufgrund der aktuellen Lage sind vielen Schausteller in der Situation, dass sie keine M\u00f6glichkeit haben Einnahmen auf z.B. Festen u. Weihnachtsm\u00e4rkte zu erzielen. So auch bei der Fam. Traber mit dem Zuckerschloss, mit welcher wir schon eine langj\u00e4hrige Zusammenarbeit pflegen.<\/p>\n\n\n\n<p>Holen Sie sich etwas Weihnachtsmarkt nach Hause und bestellen Sie gebrannte Mandeln, Erdn\u00fcsse oder Magenbrot als Unterst\u00fctzung f\u00fcr die Fam. Traber.<\/p>\n\n\n\n<p>Bestellung kann hier online oder unter der Telefon Nr. 0178-7820789 erfolgen.<\/p>\n\n\n\n<p>Abholung am Montag, den 20.12.2021 ab 18.00 Uhr am Musikerheim in Merklingen.<\/p>\n\n\n\n<p>Wie bedanken uns f\u00fcr Ihre Unterst\u00fctzung.<\/p>\n\n\n\n<p><\/p>\n\n\n\n<p class=\"has-text-align-left\"><strong>Leckereien:<\/strong><\/p>\n\n\n\n<div id=\"wcpt-1453\" class=\"wcpt wcpt-1453\" data-wcpt-table-id=\"1453\"\r    data-wcpt-query-string=\"?1453_device=laptop\" \r    data-wcpt-sc-attrs=\"{&quot;laptop_auto_scroll&quot;:&quot;true&quot;,&quot;tablet_auto_scroll&quot;:&quot;true&quot;,&quot;phone_auto_scroll&quot;:&quot;false&quot;}\"\r    data-wcpt-encrypted-query-vars=\"aFNQeGpZNEYrOWFPc3p4dU1KNHc4d0l0bTJ3TFJBVjVmY0UwZ00wMDlKZXhwQ2pQeUtvTm9mcW1UVmx3OWZQNEwxU0NaNG9USXpIY3NFSTlxdDFETlZqSkRhWVkrRWNsdXBVbVl4KzhOYkdYOVc1L3BNaWlOM1NnajBQUitzOEpxQXRnTlBpaUt3VGpkYk9GWUNLVVNpRnZRSVNNQS85WGF2ZTV5L1FUTmg1L0JMSCthNUZIWWpkWkx1MlF0YzRwUS9RQlZmMzRQOEIxdUVDM2lxNkZhOUdRUTlWK09CbkJXKzJPa29COXRRYmhYTjd4bExxbzg4QWlDOEJaODVnbUhLUGdBWEF3aXJ0amJLUFZKRzRKSUkyeFN3TGl2S0hjZ2MrSTNrN2lqSkQrdGxUTy9qdE1FbXRyWnpQRDVseExyUDhrYWN2UExCd0ExZEM5WUNhOVhreWtPS1pQVFR3Y1RuNlR0V2hzdkhUOVhxZFVJNFdOVkRaVng3L3pycVZFOjpwwXSADXr1wHRJ9yjJoJWj\"\r    data-wcpt-encrypted-user-filters=\"NFQ2WklRTTRqc29hYyswZ1RoWVlsbzRDMUVmSG41R0piTzhldUNNM1ZEZTBPTFk4anBoOUw2bTVONDNzRmdLY1I5dVBGaG1WakFsc3MzVXpmcnNJSFUrbmYxU1JHVWthYWpGOHBDSjcvTmlQUjFOcTZ3aVZFSTJyRm9LOGpUMGpSZGp1b2gwVHQreHViNGhTbVNPdGVRPT06Opjxu+i5UrlDkWUUr2dRte4=\"><style>  @media (max-width:1199px) and (min-width:749px) {  #wcpt-1453 .wcpt-device-tablet {  display: block;  }  #wcpt-1453 .wcpt-device-laptop,  #wcpt-1453 .wcpt-device-phone {  display: none;  }  }  @media (max-width:749px) {  #wcpt-1453 .wcpt-device-phone {  display: block;  }  #wcpt-1453 .wcpt-device-tablet,  #wcpt-1453 .wcpt-device-laptop {  display: none;  }  }  @media(max-width: 1199px) and (min-width:750px){ #wcpt-1453 tr.wcpt-even > .wcpt-cell{background-color:rgba(255, 255, 255, 0);} #wcpt-1453 tr.wcpt-odd > .wcpt-cell{background-color:rgba(255, 255, 255, 0);}}@media(max-width:749px){} @media(max-width:1199){} @media(max-width:749){}<\/style>    <div\r      class=\"wcpt-navigation wcpt-header wcpt-always-show\"\r      style=\"\"><\/div>      <div class=\"wcpt-responsive-navigation\"><\/div>\r      <div class=\"wcpt-nav-modal-tpl\">\t<div class=\"wcpt-nav-modal\" data-wcpt-table-id=\"1453\">\t\t<div class=\"wcpt-nm-content wcpt-noselect\">\t\t\t<div class=\"wcpt-nm-heading wcpt-nm-heading--sticky\">\t\t\t\t<span class=\"wcpt-nm-close\">\t\t\t\t\t<span \r      class=\"wcpt-icon wcpt-icon-x  \"    ><svg xmlns=\"http:\/\/www.w3.org\/2000\/svg\" width=\"24\" height=\"24\" viewBox=\"0 0 24 24\" fill=\"none\" stroke=\"currentColor\" stroke-width=\"2\" stroke-linecap=\"round\" stroke-linejoin=\"round\" class=\"feather feather-x\"><line x1=\"18\" y1=\"6\" x2=\"6\" y2=\"18\"><\/line><line x1=\"6\" y1=\"6\" x2=\"18\" y2=\"18\"><\/line><\/svg><\/span>\t\t\t\t\t<\/svg>\t\t\t\t<\/span>\t\t\t\t<span class=\"wcpt-nm-heading-text wcpt-on-filters-show\">\t\t\t\t\tFilter\t\t\t\t<\/span>\t\t\t\t<span class=\"wcpt-nm-heading-text wcpt-on-sort-show\">\t\t\t\t\tErgebnisse sortieren\t\t\t\t<\/span>\t\t\t\t<div class=\"wcpt-nm-action\">\t\t\t\t\t<span class=\"wcpt-nm-reset\">\t\t\t\t\t\tZur\u00fccksetzen\t\t\t\t\t<\/span>\t\t\t\t\t<span class=\"wcpt-nm-apply\">\t\t\t\t\t\tAnwenden\t\t\t\t\t<\/span>\t\t\t\t<\/div>\t\t\t<\/div>\t\t\t<div class=\"wcpt-navigation wcpt-left-sidebar\">\t\t\t\t<div class=\"wcpt-nm-filters\">\t\t\t\t\t<span class=\"wcpt-nm-filters-placeholder\"><\/span>\t\t\t\t<\/div>\t\t\t\t<div class=\"wcpt-nm-sort\">\t\t\t\t\t<span class=\"wcpt-nm-sort-placeholder\"><\/span>\t\t\t\t<\/div>\t\t\t<\/div>\t\t<\/div>\t<\/div><\/div><div class=\"wcpt-table-scroll-wrapper-outer wcpt-device-laptop\"><div class=\"wcpt-table-scroll-wrapper\"><table class=\"wcpt-table wcpt-table-1453\"><thead>\t\t\t\t<tr \t\tclass=\"wcpt-heading-row \"\t><th class=\"wcpt-heading wcpt-1591131698653\" data-wcpt-column-index=\"0\"  ><div class=\"wcpt-item-row wcpt-1591131698658 \"><span class=\"wcpt-text  wcpt-1591131760336\">Produkte<\/span><\/div><\/th><th class=\"wcpt-heading wcpt-1591131698655\" data-wcpt-column-index=\"1\"  ><\/th><th class=\"wcpt-heading wcpt-1591131698657\" data-wcpt-column-index=\"2\"  ><\/th><\/tr>\t<\/thead><tr   \t \t data-wcpt-product-id=\"2595\"  \tdata-wcpt-type    =\"simple\" \tdata-wcpt-in-cart =\"\" \tdata-wcpt-stock   =\"\"\tdata-wcpt-price   =\"3\"  style=\"\" class=\" wcpt-row  wcpt-even  wcpt-product-type-simple \"><td   class=\"wcpt-cell wcpt-1591131698654\"  data-wcpt-column-index=\"0\"  ><\/td><td   class=\"wcpt-cell wcpt-1591131698656\"  data-wcpt-column-index=\"1\"  ><div class=\"wcpt-cell-val\"><div class=\"wcpt-item-row wcpt-1591132529113 \"><a href='https:\/\/mv-merklingen.de\/?product=gebrannte-erdnuesse'  title='Frisch gebrannte Erdn\u00fcsse'  class='wcpt-title  wcpt-1591132544099' >Frisch gebrannte Erdn\u00fcsse<\/a><\/div><\/div><\/td><td   class=\"wcpt-cell wcpt-1591131698658\"  data-wcpt-column-index=\"2\"  ><div class=\"wcpt-cell-val\"><div class=\"wcpt-item-row wcpt-1591132602880 \"><span class=\"wcpt-price  wcpt-1591132609656  \" >\t<div class=\"wcpt-item-row wcpt-1591132609691 \"><span class=\"wcpt-regular-price  wcpt-1591132757939 \"><span class=\"wcpt-amount\">3,00<\/span>&nbsp;<span class=\"wcpt-currency\">&euro;<\/span><\/span><\/div><\/span><\/div><div class=\"wcpt-item-row wcpt-1591132654415 \"><div class=\"woocommerce\">\t<span id=\"woocommerce_loop_add_to_cart_link_describedby_2595\" class=\"screen-reader-text\">\t\t\t<\/span><\/div><\/div><div class=\"wcpt-item-row wcpt-1591447417549 \"><div\tclass=\"quantity wcpt-quantity wcpt-noselect wcpt-display-type-input wcpt-hide-controls  wcpt-1591447426800\">\t\t\t<span class=\"wcpt-minus wcpt-qty-controller wcpt-noselect \"><\/span><input type=\"number\"\t\t\tid=\"quantity_69ef61664997a\" class=\"input-text qty text\"  step=\"1\" min=\"1\"\t\t\tdata-wcpt-min=\"1\"\t\t\tdata-wcpt-return-to-initial=\"1\"\t\t\tdata-wcpt-reset-on-variation-change=\"\"\t\t\tmax=\"\"\t\t\tname=\"quantity\" value=\"1\"\t\t\ttitle=\"Quantity\"\t\t\tsize=\"4\" data-wcpt-initial-value=\"min\" pattern=\"[0-9]*\"\t\t\tinputmode=\"numeric\" autocomplete=\"off\" \/><span\t\t\tclass=\"wcpt-plus wcpt-qty-controller wcpt-noselect\"><\/span>\t\t\t\t<div class=\"wcpt-quantity-error-message wcpt-quantity-error-message--max\">Max: <span class=\"wcpt-quantity-error-placeholder--max\"><\/span><\/div>\t\t\t\t<div class=\"wcpt-quantity-error-message wcpt-quantity-error-message--min\">Min: <span class=\"wcpt-quantity-error-placeholder--min\">1<\/span><\/div>\t\t\t\t<div class=\"wcpt-quantity-error-message wcpt-quantity-error-message--step\">Step: <span class=\"wcpt-quantity-error-placeholder--step\">1<\/span><\/div>\t\t\t<\/div><\/div><\/div><\/td><\/tr><\/table><\/div><\/div><div class=\"wcpt-loading-screen\"><\/div><div class=\"wcpt-table-scroll-wrapper-outer wcpt-device-tablet\"><div class=\"wcpt-table-scroll-wrapper\"><span \r      class=\"wcpt-icon wcpt-icon-loader wcpt-device-view-loading-icon \"    ><svg xmlns=\"http:\/\/www.w3.org\/2000\/svg\" width=\"24\" height=\"24\" viewBox=\"0 0 24 24\" fill=\"none\" stroke=\"currentColor\" stroke-width=\"2\" stroke-linecap=\"round\" stroke-linejoin=\"round\" class=\"feather feather-loader\"><line x1=\"12\" y1=\"2\" x2=\"12\" y2=\"6\"><\/line><line x1=\"12\" y1=\"18\" x2=\"12\" y2=\"22\"><\/line><line x1=\"4.93\" y1=\"4.93\" x2=\"7.76\" y2=\"7.76\"><\/line><line x1=\"16.24\" y1=\"16.24\" x2=\"19.07\" y2=\"19.07\"><\/line><line x1=\"2\" y1=\"12\" x2=\"6\" y2=\"12\"><\/line><line x1=\"18\" y1=\"12\" x2=\"22\" y2=\"12\"><\/line><line x1=\"4.93\" y1=\"19.07\" x2=\"7.76\" y2=\"16.24\"><\/line><line x1=\"16.24\" y1=\"7.76\" x2=\"19.07\" y2=\"4.93\"><\/line><\/svg><\/span><\/div><\/div><div class=\"wcpt-table-scroll-wrapper-outer wcpt-device-phone\"><div class=\"wcpt-table-scroll-wrapper\"><span \r      class=\"wcpt-icon wcpt-icon-loader wcpt-device-view-loading-icon \"    ><svg xmlns=\"http:\/\/www.w3.org\/2000\/svg\" width=\"24\" height=\"24\" viewBox=\"0 0 24 24\" fill=\"none\" stroke=\"currentColor\" stroke-width=\"2\" stroke-linecap=\"round\" stroke-linejoin=\"round\" class=\"feather feather-loader\"><line x1=\"12\" y1=\"2\" x2=\"12\" y2=\"6\"><\/line><line x1=\"12\" y1=\"18\" x2=\"12\" y2=\"22\"><\/line><line x1=\"4.93\" y1=\"4.93\" x2=\"7.76\" y2=\"7.76\"><\/line><line x1=\"16.24\" y1=\"16.24\" x2=\"19.07\" y2=\"19.07\"><\/line><line x1=\"2\" y1=\"12\" x2=\"6\" y2=\"12\"><\/line><line x1=\"18\" y1=\"12\" x2=\"22\" y2=\"12\"><\/line><line x1=\"4.93\" y1=\"19.07\" x2=\"7.76\" y2=\"16.24\"><\/line><line x1=\"16.24\" y1=\"7.76\" x2=\"19.07\" y2=\"4.93\"><\/line><\/svg><\/span><\/div><\/div><style><\/style><\/div>\n\n\n\n<p class=\"has-text-align-right\"><\/p>\n\n\n\n<p class=\"has-medium-font-size\"><a href=\"https:\/\/mv-merklingen.de\/?page_id=1410\">\u2026 zum Warenkorb<\/a><br><\/p>\n\n\n<p><!--EndFragment--><\/p>","protected":false},"excerpt":{"rendered":"<p>Musikverein Merklingen e.V. hilft dem Zuckerschloss Aufgrund der aktuellen Lage sind vielen Schausteller in der Situation, dass sie keine M\u00f6glichkeit haben Einnahmen auf z.B. Festen u. Weihnachtsm\u00e4rkte zu erzielen. So auch bei der Fam. Traber mit dem Zuckerschloss, mit welcher wir schon eine langj\u00e4hrige Zusammenarbeit pflegen. Holen Sie sich etwas Weihnachtsmarkt nach Hause und bestellen [&hellip;]<\/p>\n","protected":false},"author":1,"featured_media":0,"parent":0,"menu_order":0,"comment_status":"closed","ping_status":"closed","template":"","meta":{"footnotes":""},"class_list":["post-2536","page","type-page","status-publish","hentry"],"_links":{"self":[{"href":"https:\/\/mv-merklingen.de\/index.php?rest_route=\/wp\/v2\/pages\/2536","targetHints":{"allow":["GET"]}}],"collection":[{"href":"https:\/\/mv-merklingen.de\/index.php?rest_route=\/wp\/v2\/pages"}],"about":[{"href":"https:\/\/mv-merklingen.de\/index.php?rest_route=\/wp\/v2\/types\/page"}],"author":[{"embeddable":true,"href":"https:\/\/mv-merklingen.de\/index.php?rest_route=\/wp\/v2\/users\/1"}],"replies":[{"embeddable":true,"href":"https:\/\/mv-merklingen.de\/index.php?rest_route=%2Fwp%2Fv2%2Fcomments&post=2536"}],"version-history":[{"count":9,"href":"https:\/\/mv-merklingen.de\/index.php?rest_route=\/wp\/v2\/pages\/2536\/revisions"}],"predecessor-version":[{"id":2606,"href":"https:\/\/mv-merklingen.de\/index.php?rest_route=\/wp\/v2\/pages\/2536\/revisions\/2606"}],"wp:attachment":[{"href":"https:\/\/mv-merklingen.de\/index.php?rest_route=%2Fwp%2Fv2%2Fmedia&parent=2536"}],"curies":[{"name":"wp","href":"https:\/\/api.w.org\/{rel}","templated":true}]}}